{"id":841,"date":"2020-05-28T09:29:12","date_gmt":"2020-05-28T14:29:12","guid":{"rendered":"http:\/\/el.commonsupport.com\/newwp\/envolve\/?page_id=841"},"modified":"2021-05-12T12:03:08","modified_gmt":"2021-05-12T17:03:08","slug":"contacto","status":"publish","type":"page","link":"https:\/\/gfs.com.pe\/?page_id=841","title":{"rendered":"Contacto"},"content":{"rendered":"\t\t<div data-elementor-type=\"wp-page\" data-elementor-id=\"841\" class=\"elementor elementor-841\">\n\t\t\t\t\t\t<section class=\"elementor-section elementor-top-section elementor-element elementor-element-84be8d3 elementor-section-full_width elementor-section-height-default elementor-section-height-default\" data-id=\"84be8d3\" data-element_type=\"section\">\n\t\t\t\t\t\t<div class=\"elementor-container elementor-column-gap-default\">\n\t\t\t\t\t<div class=\"elementor-column elementor-col-100 elementor-top-column elementor-element elementor-element-98b9ab0\" data-id=\"98b9ab0\" data-element_type=\"column\">\n\t\t\t<div class=\"elementor-widget-wrap elementor-element-populated\">\n\t\t\t\t\t\t<div class=\"elementor-element elementor-element-b48a3b5 elementor-widget elementor-widget-envolve_contact_info_v1\" data-id=\"b48a3b5\" data-element_type=\"widget\" data-widget_type=\"envolve_contact_info_v1.default\">\n\t\t\t\t<div class=\"elementor-widget-container\">\n\t\t\t\t\t        \r\n        <!-- Contact Details Section -->\r\n        <section class=\"contact-details-section\">\r\n            <div class=\"auto-container\">\r\n                <div class=\"sec-title text-center\">\r\n                    <h2>ESTAMOS PARA ATENDERTE<\/h2>\r\n                    <div class=\"text\"><\/div>\r\n                    <div class=\"text-decoration\">\r\n                        <span class=\"left\"><\/span>\r\n                        <span class=\"right\"><\/span>\r\n                    <\/div>\r\n                <\/div>\r\n                <div class=\"row\">\r\n                                        <div class=\"col-lg-3 contact-info-block\">\r\n                        <div class=\"inner-box\">\r\n                            <div class=\"icon-box\">\r\n                                <div class=\"icon\"><img decoding=\"async\" src=\"http:\/\/el.commonsupport.com\/newwp\/envolve\/wp-content\/uploads\/2020\/05\/icon-46.png\" alt=\"Awesome Image\"><\/div>\r\n                                <h5>Direcci\u00f3n<\/h5>\r\n                                <h4>Vis\u00edtanos<\/h4>\r\n                            <\/div>                            \r\n                            <ul>\r\n                                Jr. Poussin 129, San Borja.                            <\/ul>\r\n                    \t<\/div>\r\n                \t<\/div>\r\n                                        <div class=\"col-lg-3 contact-info-block\">\r\n                        <div class=\"inner-box\">\r\n                            <div class=\"icon-box\">\r\n                                <div class=\"icon\"><img decoding=\"async\" src=\"http:\/\/el.commonsupport.com\/newwp\/envolve\/wp-content\/uploads\/2020\/05\/icon-47.png\" alt=\"Awesome Image\"><\/div>\r\n                                <h5>Tel\u00e9fonos<\/h5>\r\n                                <h4>Ll\u00e1manos al<\/h4>\r\n                            <\/div>                            \r\n                            <ul>\r\n                                <li><a href=\"tel:\u200e+51947548025\">\u200e+51 947 548 025<\/a><\/li>                            <\/ul>\r\n                    \t<\/div>\r\n                \t<\/div>\r\n                                        <div class=\"col-lg-3 contact-info-block\">\r\n                        <div class=\"inner-box\">\r\n                            <div class=\"icon-box\">\r\n                                <div class=\"icon\"><img decoding=\"async\" src=\"http:\/\/el.commonsupport.com\/newwp\/envolve\/wp-content\/uploads\/2020\/05\/icon-48.png\" alt=\"Awesome Image\"><\/div>\r\n                                <h5>Email<\/h5>\r\n                                <h4>Escr\u00edbenos<\/h4>\r\n                            <\/div>                            \r\n                            <ul>\r\n                                <li><a href=\"mailto:informes@gfs.com.pe\">informes@gfs.com.pe<\/a><\/li>                            <\/ul>\r\n                    \t<\/div>\r\n                \t<\/div>\r\n                                        <div class=\"col-lg-3 contact-info-block\">\r\n                        <div class=\"inner-box\">\r\n                            <div class=\"icon-box\">\r\n                                <div class=\"icon\"><img decoding=\"async\" src=\"http:\/\/el.commonsupport.com\/newwp\/envolve\/wp-content\/uploads\/2020\/05\/icon-49.png\" alt=\"Awesome Image\"><\/div>\r\n                                <h5>Horarios<\/h5>\r\n                                <h4>Atendemos de<\/h4>\r\n                            <\/div>                            \r\n                            <ul>\r\n                                <li>Lunes a Viernes de 9.00 a 6.00<\/li>                            <\/ul>\r\n                    \t<\/div>\r\n                \t<\/div>\r\n                                    <\/div>            \r\n            <\/div>\r\n        <\/section>\r\n        \r\n\t\t\t\t\t\t<\/div>\n\t\t\t\t<\/div>\n\t\t\t\t\t<\/div>\n\t\t<\/div>\n\t\t\t\t\t<\/div>\n\t\t<\/section>\n\t\t\t\t<section class=\"elementor-section elementor-top-section elementor-element elementor-element-6c6b431 elementor-section-height-min-height elementor-section-boxed elementor-section-height-default elementor-section-items-middle\" data-id=\"6c6b431\" data-element_type=\"section\" data-settings=\"{&quot;background_background&quot;:&quot;classic&quot;}\">\n\t\t\t\t\t\t<div class=\"elementor-container elementor-column-gap-no\">\n\t\t\t\t\t<div class=\"elementor-column elementor-col-50 elementor-top-column elementor-element elementor-element-06c4f40\" data-id=\"06c4f40\" data-element_type=\"column\">\n\t\t\t<div class=\"elementor-widget-wrap elementor-element-populated\">\n\t\t\t\t\t\t<div class=\"elementor-element elementor-element-cafc6d2 elementor-widget elementor-widget-heading\" data-id=\"cafc6d2\" data-element_type=\"widget\" data-widget_type=\"heading.default\">\n\t\t\t\t<div class=\"elementor-widget-container\">\n\t\t\t\t\t<h2 class=\"elementor-heading-title elementor-size-default\">Si deseas hacer una consulta, haz click AQU\u00cd.<\/h2>\t\t\t\t<\/div>\n\t\t\t\t<\/div>\n\t\t\t\t\t<\/div>\n\t\t<\/div>\n\t\t\t\t<div class=\"elementor-column elementor-col-50 elementor-top-column elementor-element elementor-element-dcf9d35\" data-id=\"dcf9d35\" data-element_type=\"column\">\n\t\t\t<div class=\"elementor-widget-wrap elementor-element-populated\">\n\t\t\t\t\t\t<div class=\"elementor-element elementor-element-a69b52a elementor-align-center elementor-widget elementor-widget-button\" data-id=\"a69b52a\" data-element_type=\"widget\" data-widget_type=\"button.default\">\n\t\t\t\t<div class=\"elementor-widget-container\">\n\t\t\t\t\t\t\t\t\t<div class=\"elementor-button-wrapper\">\n\t\t\t\t\t<a class=\"elementor-button elementor-button-link elementor-size-lg\" href=\"https:\/\/wa.me\/51947548025\">\n\t\t\t\t\t\t<span class=\"elementor-button-content-wrapper\">\n\t\t\t\t\t\t<span class=\"elementor-button-icon\">\n\t\t\t\t<i aria-hidden=\"true\" class=\"fab fa-whatsapp\"><\/i>\t\t\t<\/span>\n\t\t\t\t\t\t\t\t\t<span class=\"elementor-button-text\">+51 947 548 025<\/span>\n\t\t\t\t\t<\/span>\n\t\t\t\t\t<\/a>\n\t\t\t\t<\/div>\n\t\t\t\t\t\t\t\t<\/div>\n\t\t\t\t<\/div>\n\t\t\t\t\t<\/div>\n\t\t<\/div>\n\t\t\t\t\t<\/div>\n\t\t<\/section>\n\t\t\t\t<section class=\"elementor-section elementor-top-section elementor-element elementor-element-08d26f6 elementor-section-full_width elementor-section-height-default elementor-section-height-default\" data-id=\"08d26f6\" data-element_type=\"section\">\n\t\t\t\t\t\t<div class=\"elementor-container elementor-column-gap-default\">\n\t\t\t\t\t<div class=\"elementor-column elementor-col-100 elementor-top-column elementor-element elementor-element-db36843\" data-id=\"db36843\" data-element_type=\"column\">\n\t\t\t<div class=\"elementor-widget-wrap elementor-element-populated\">\n\t\t\t\t\t\t<div class=\"elementor-element elementor-element-a83154f elementor-widget elementor-widget-envolve_contact_form_v1\" data-id=\"a83154f\" data-element_type=\"widget\" data-widget_type=\"envolve_contact_form_v1.default\">\n\t\t\t\t<div class=\"elementor-widget-container\">\n\t\t\t\t\t        \r\n        <!-- Contact Form Section -->\r\n        <section class=\"contact-form-section\">\r\n            <div class=\"auto-container\">\r\n                <div class=\"row\">\r\n                    <div class=\"col-lg-4\">\r\n                        <div class=\"live-contact\">\r\n                            <div class=\"image\"><img decoding=\"async\" src=\"https:\/\/gfs.com.pe\/wp-content\/uploads\/2021\/05\/contacto_a.png\" alt=\"\"><\/div>\r\n                            <div class=\"content\">\r\n                                <div class=\"icon\"><span class=\"icon flaticon-support-1\"><\/span><\/div>\r\n                                <h4><\/h4>\r\n                                <div class=\"text\"><\/div>\r\n                                <div class=\"link-btn\"><a href=\"\" class=\"theme-btn btn-style-one\"><span class=\"btn-title\">MENSAJE<\/span><\/a><\/div>\r\n                            <\/div>\r\n                        <\/div>\r\n                    <\/div>\r\n                    <div class=\"col-lg-8\">\r\n                        <div class=\"sec-title\">\r\n                            <h2><\/h2>\r\n                            <div class=\"text-decoration\">\r\n                                <span class=\"left\"><\/span>\r\n                                <span class=\"right\"><\/span>\r\n                            <\/div>\r\n                        <\/div>\r\n                        <div class=\"contact-form\">\r\n                            \n<div class=\"wpcf7 no-js\" id=\"wpcf7-f893-o1\" lang=\"en-US\" dir=\"ltr\" data-wpcf7-id=\"893\">\n<div class=\"screen-reader-response\"><p role=\"status\" aria-live=\"polite\" aria-atomic=\"true\"><\/p> <ul><\/ul><\/div>\n<form action=\"\/index.php?rest_route=%2Fwp%2Fv2%2Fpages%2F841#wpcf7-f893-o1\" method=\"post\" class=\"wpcf7-form init\" aria-label=\"Contact form\" novalidate=\"novalidate\" data-status=\"init\">\n<fieldset class=\"hidden-fields-container\"><input type=\"hidden\" name=\"_wpcf7\" value=\"893\" \/><input type=\"hidden\" name=\"_wpcf7_version\" value=\"6.1.5\" \/><input type=\"hidden\" name=\"_wpcf7_locale\" value=\"en_US\" \/><input type=\"hidden\" name=\"_wpcf7_unit_tag\" value=\"wpcf7-f893-o1\" \/><input type=\"hidden\" name=\"_wpcf7_container_post\" value=\"0\" \/><input type=\"hidden\" name=\"_wpcf7_posted_data_hash\" value=\"\" \/>\n<\/fieldset>\n<div class=\"row\">\n\t<div class=\"col-md-6 form-group\">\n\t\t<p><span class=\"wpcf7-form-control-wrap\" data-name=\"txt-nombre\"><input size=\"40\" maxlength=\"400\" class=\"wpcf7-form-control wpcf7-text wpcf7-validates-as-required\" aria-required=\"true\" aria-invalid=\"false\" placeholder=\"Nombres\" value=\"\" type=\"text\" name=\"txt-nombre\" \/><\/span>\n\t\t<\/p>\n\t<\/div>\n\t<div class=\"col-md-6 form-group\">\n\t\t<p><span class=\"wpcf7-form-control-wrap\" data-name=\"txt-apellidos\"><input size=\"40\" maxlength=\"400\" class=\"wpcf7-form-control wpcf7-text wpcf7-validates-as-required\" aria-required=\"true\" aria-invalid=\"false\" placeholder=\"Apellidos\" value=\"\" type=\"text\" name=\"txt-apellidos\" \/><\/span>\n\t\t<\/p>\n\t<\/div>\n\t<div class=\"col-md-6 form-group\">\n\t\t<p><span class=\"wpcf7-form-control-wrap\" data-name=\"txt-empresa\"><input size=\"40\" maxlength=\"400\" class=\"wpcf7-form-control wpcf7-text wpcf7-validates-as-required\" aria-required=\"true\" aria-invalid=\"false\" placeholder=\"Empresa\" value=\"\" type=\"text\" name=\"txt-empresa\" \/><\/span>\n\t\t<\/p>\n\t<\/div>\n\t<div class=\"col-md-6 form-group\">\n\t\t<p><span class=\"wpcf7-form-control-wrap\" data-name=\"txt-cargo\"><input size=\"40\" maxlength=\"400\" class=\"wpcf7-form-control wpcf7-text\" aria-invalid=\"false\" placeholder=\"Cargo\" value=\"\" type=\"text\" name=\"txt-cargo\" \/><\/span>\n\t\t<\/p>\n\t<\/div>\n\t<div class=\"col-md-6 form-group\">\n\t\t<p><span class=\"wpcf7-form-control-wrap\" data-name=\"txt-email\"><input size=\"40\" maxlength=\"400\" class=\"wpcf7-form-control wpcf7-email wpcf7-validates-as-required wpcf7-text wpcf7-validates-as-email\" aria-required=\"true\" aria-invalid=\"false\" placeholder=\"Correo Electr\u00f3nico\" value=\"\" type=\"email\" name=\"txt-email\" \/><\/span>\n\t\t<\/p>\n\t<\/div>\n\t<div class=\"col-md-6 form-group\">\n\t\t<p><span class=\"wpcf7-form-control-wrap\" data-name=\"txt-cel\"><input size=\"40\" maxlength=\"400\" class=\"wpcf7-form-control wpcf7-text wpcf7-validates-as-required\" aria-required=\"true\" aria-invalid=\"false\" placeholder=\"Celular\" value=\"\" type=\"text\" name=\"txt-cel\" \/><\/span>\n\t\t<\/p>\n\t<\/div>\n\t<div class=\"col-md-12 form-group\">\n\t\t<p><span class=\"wpcf7-form-control-wrap\" data-name=\"txt-direc\"><input size=\"40\" maxlength=\"400\" class=\"wpcf7-form-control wpcf7-text\" aria-invalid=\"false\" placeholder=\"Direcci\u00f3n\" value=\"\" type=\"text\" name=\"txt-direc\" \/><\/span>\n\t\t<\/p>\n\t<\/div>\n\t<div class=\"col-md-12 form-group\">\n\t\t<p><span class=\"wpcf7-form-control-wrap\" data-name=\"textarea-572\"><textarea cols=\"40\" rows=\"10\" maxlength=\"2000\" class=\"wpcf7-form-control wpcf7-textarea\" aria-invalid=\"false\" placeholder=\"Escr\u00edbenos tu mensaje\" name=\"textarea-572\"><\/textarea><\/span>\n\t\t<\/p>\n\t<\/div>\n\t<div class=\"col-md-12 form-group\">\n\t\t<div class=\"row m-0 justify-content-between\">\n\t\t\t<div class=\"note mb-30\">\n\t\t\t<\/div>\n\t\t\t<p><button class=\"theme-btn btn-style-one mb-30\" type=\"submit\" name=\"submit-form\"><span class=\"btn-title\">ENVIAR<\/span><\/button>\n\t\t\t<\/p>\n\t\t<\/div>\n\t<\/div>\n<\/div><div class=\"wpcf7-response-output\" aria-hidden=\"true\"><\/div>\n<\/form>\n<\/div>\n                        <\/div>\r\n                    <\/div>\r\n                <\/div>\r\n            <\/div>\r\n        <\/section>\r\n         \r\n\t\t\t\t\t\t<\/div>\n\t\t\t\t<\/div>\n\t\t\t\t\t<\/div>\n\t\t<\/div>\n\t\t\t\t\t<\/div>\n\t\t<\/section>\n\t\t\t\t<section class=\"elementor-section elementor-top-section elementor-element elementor-element-e68e6f3 elementor-section-full_width elementor-section-height-default elementor-section-height-default\" data-id=\"e68e6f3\" data-element_type=\"section\">\n\t\t\t\t\t\t<div class=\"elementor-container elementor-column-gap-no\">\n\t\t\t\t\t<div class=\"elementor-column elementor-col-100 elementor-top-column elementor-element elementor-element-b39f8cf\" data-id=\"b39f8cf\" data-element_type=\"column\">\n\t\t\t<div class=\"elementor-widget-wrap elementor-element-populated\">\n\t\t\t\t\t\t<div class=\"elementor-element elementor-element-f712134 elementor-widget elementor-widget-envolve_google_map_v2\" data-id=\"f712134\" data-element_type=\"widget\" data-widget_type=\"envolve_google_map_v2.default\">\n\t\t\t\t<div class=\"elementor-widget-container\">\n\t\t\t\t\t        \r\n        <!-- Map Section -->\r\n        <section class=\"map-section-two\">\r\n            <!--Map Outer-->\r\n            <div class=\"map-outer\">\r\n                <iframe src=\"https:\/\/www.google.com\/maps\/embed?pb=!1m18!1m12!1m3!1d3901.463452933517!2d-76.9960588852312!3d-12.08039239144487!2m3!1f0!2f0!3f0!3m2!1i1024!2i768!4f13.1!3m3!1m2!1s0x9105c6339acf8d21%3A0xb924ce991a4b3d54!2sOficina%20303%2C%20Avenida%20Agust%C3%ADn%20de%20la%20Rosa%20Toro%20972%2C%20San%20Luis%2015021!5e0!3m2!1ses-419!2spe!4v1620836828152!5m2!1ses-419!2spe\" width=\"600\" height=\"450\" style=\"border:0;\" allowfullscreen=\"\" loading=\"lazy\"><\/iframe>            <\/div>\r\n        <\/section>\r\n        \r\n\t\t\t\t\t\t<\/div>\n\t\t\t\t<\/div>\n\t\t\t\t\t<\/div>\n\t\t<\/div>\n\t\t\t\t\t<\/div>\n\t\t<\/section>\n\t\t\t\t<\/div>\n\t\t","protected":false},"excerpt":{"rendered":"<p>ESTAMOS PARA ATENDERTE Direcci\u00f3n Vis\u00edtanos Jr. Poussin 129, San Borja. Tel\u00e9fonos Ll\u00e1manos al \u200e+51 947 548 025 Email Escr\u00edbenos informes@gfs.com.pe Horarios Atendemos de Lunes a Viernes de 9.00 a 6.00 Si deseas hacer una consulta, haz click AQU\u00cd. +51 947 548 025 MENSAJE ENVIAR<\/p>\n","protected":false},"author":1,"featured_media":0,"parent":0,"menu_order":0,"comment_status":"closed","ping_status":"closed","template":"tpl-default-elementor.php","meta":{"footnotes":""},"class_list":["post-841","page","type-page","status-publish","hentry"],"yoast_head":"<!-- This site is optimized with the Yoast SEO plugin v27.5 - https:\/\/yoast.com\/product\/yoast-seo-wordpress\/ -->\r\n<title>Contacto - GFS<\/title>\r\n<meta name=\"robots\" content=\"index, follow, max-snippet:-1, max-image-preview:large, max-video-preview:-1\" \/>\r\n<link rel=\"canonical\" href=\"https:\/\/gfs.com.pe\/?page_id=841\" \/>\r\n<meta property=\"og:locale\" content=\"es_ES\" \/>\r\n<meta property=\"og:type\" content=\"article\" \/>\r\n<meta property=\"og:title\" content=\"Contacto - GFS\" \/>\r\n<meta property=\"og:description\" content=\"ESTAMOS PARA ATENDERTE Direcci\u00f3n Vis\u00edtanos Jr. Poussin 129, San Borja. Tel\u00e9fonos Ll\u00e1manos al \u200e+51 947 548 025 Email Escr\u00edbenos informes@gfs.com.pe Horarios Atendemos de Lunes a Viernes de 9.00 a 6.00 Si deseas hacer una consulta, haz click AQU\u00cd. +51 947 548 025 MENSAJE ENVIAR\" \/>\r\n<meta property=\"og:url\" content=\"https:\/\/gfs.com.pe\/?page_id=841\" \/>\r\n<meta property=\"og:site_name\" content=\"GFS\" \/>\r\n<meta property=\"article:modified_time\" content=\"2021-05-12T17:03:08+00:00\" \/>\r\n<meta property=\"og:image\" content=\"http:\/\/el.commonsupport.com\/newwp\/envolve\/wp-content\/uploads\/2020\/05\/icon-46.png\" \/>\r\n<meta name=\"twitter:card\" content=\"summary_large_image\" \/>\r\n<script type=\"application\/ld+json\" class=\"yoast-schema-graph\">{\"@context\":\"https:\\\/\\\/schema.org\",\"@graph\":[{\"@type\":\"WebPage\",\"@id\":\"https:\\\/\\\/gfs.com.pe\\\/?page_id=841\",\"url\":\"https:\\\/\\\/gfs.com.pe\\\/?page_id=841\",\"name\":\"Contacto - GFS\",\"isPartOf\":{\"@id\":\"https:\\\/\\\/gfs.com.pe\\\/#website\"},\"primaryImageOfPage\":{\"@id\":\"https:\\\/\\\/gfs.com.pe\\\/?page_id=841#primaryimage\"},\"image\":{\"@id\":\"https:\\\/\\\/gfs.com.pe\\\/?page_id=841#primaryimage\"},\"thumbnailUrl\":\"http:\\\/\\\/el.commonsupport.com\\\/newwp\\\/envolve\\\/wp-content\\\/uploads\\\/2020\\\/05\\\/icon-46.png\",\"datePublished\":\"2020-05-28T14:29:12+00:00\",\"dateModified\":\"2021-05-12T17:03:08+00:00\",\"breadcrumb\":{\"@id\":\"https:\\\/\\\/gfs.com.pe\\\/?page_id=841#breadcrumb\"},\"inLanguage\":\"es-PE\",\"potentialAction\":[{\"@type\":\"ReadAction\",\"target\":[\"https:\\\/\\\/gfs.com.pe\\\/?page_id=841\"]}]},{\"@type\":\"ImageObject\",\"inLanguage\":\"es-PE\",\"@id\":\"https:\\\/\\\/gfs.com.pe\\\/?page_id=841#primaryimage\",\"url\":\"http:\\\/\\\/el.commonsupport.com\\\/newwp\\\/envolve\\\/wp-content\\\/uploads\\\/2020\\\/05\\\/icon-46.png\",\"contentUrl\":\"http:\\\/\\\/el.commonsupport.com\\\/newwp\\\/envolve\\\/wp-content\\\/uploads\\\/2020\\\/05\\\/icon-46.png\"},{\"@type\":\"BreadcrumbList\",\"@id\":\"https:\\\/\\\/gfs.com.pe\\\/?page_id=841#breadcrumb\",\"itemListElement\":[{\"@type\":\"ListItem\",\"position\":1,\"name\":\"Portada\",\"item\":\"https:\\\/\\\/gfs.com.pe\\\/\"},{\"@type\":\"ListItem\",\"position\":2,\"name\":\"Contacto\"}]},{\"@type\":\"WebSite\",\"@id\":\"https:\\\/\\\/gfs.com.pe\\\/#website\",\"url\":\"https:\\\/\\\/gfs.com.pe\\\/\",\"name\":\"GFS\",\"description\":\"Global Food Safety\",\"publisher\":{\"@id\":\"https:\\\/\\\/gfs.com.pe\\\/#organization\"},\"potentialAction\":[{\"@type\":\"SearchAction\",\"target\":{\"@type\":\"EntryPoint\",\"urlTemplate\":\"https:\\\/\\\/gfs.com.pe\\\/?s={search_term_string}\"},\"query-input\":{\"@type\":\"PropertyValueSpecification\",\"valueRequired\":true,\"valueName\":\"search_term_string\"}}],\"inLanguage\":\"es-PE\"},{\"@type\":\"Organization\",\"@id\":\"https:\\\/\\\/gfs.com.pe\\\/#organization\",\"name\":\"GFS Global Food Safety\",\"url\":\"https:\\\/\\\/gfs.com.pe\\\/\",\"logo\":{\"@type\":\"ImageObject\",\"inLanguage\":\"es-PE\",\"@id\":\"https:\\\/\\\/gfs.com.pe\\\/#\\\/schema\\\/logo\\\/image\\\/\",\"url\":\"https:\\\/\\\/gfs.com.pe\\\/wp-content\\\/uploads\\\/2021\\\/05\\\/logo-GFS-con-eslogan.png\",\"contentUrl\":\"https:\\\/\\\/gfs.com.pe\\\/wp-content\\\/uploads\\\/2021\\\/05\\\/logo-GFS-con-eslogan.png\",\"width\":1200,\"height\":1200,\"caption\":\"GFS Global Food Safety\"},\"image\":{\"@id\":\"https:\\\/\\\/gfs.com.pe\\\/#\\\/schema\\\/logo\\\/image\\\/\"}}]}<\/script>\r\n<!-- \/ Yoast SEO plugin. -->","yoast_head_json":{"title":"Contacto - GFS","robots":{"index":"index","follow":"follow","max-snippet":"max-snippet:-1","max-image-preview":"max-image-preview:large","max-video-preview":"max-video-preview:-1"},"canonical":"https:\/\/gfs.com.pe\/?page_id=841","og_locale":"es_ES","og_type":"article","og_title":"Contacto - GFS","og_description":"ESTAMOS PARA ATENDERTE Direcci\u00f3n Vis\u00edtanos Jr. Poussin 129, San Borja. Tel\u00e9fonos Ll\u00e1manos al \u200e+51 947 548 025 Email Escr\u00edbenos informes@gfs.com.pe Horarios Atendemos de Lunes a Viernes de 9.00 a 6.00 Si deseas hacer una consulta, haz click AQU\u00cd. +51 947 548 025 MENSAJE ENVIAR","og_url":"https:\/\/gfs.com.pe\/?page_id=841","og_site_name":"GFS","article_modified_time":"2021-05-12T17:03:08+00:00","og_image":[{"url":"http:\/\/el.commonsupport.com\/newwp\/envolve\/wp-content\/uploads\/2020\/05\/icon-46.png","type":"","width":"","height":""}],"twitter_card":"summary_large_image","schema":{"@context":"https:\/\/schema.org","@graph":[{"@type":"WebPage","@id":"https:\/\/gfs.com.pe\/?page_id=841","url":"https:\/\/gfs.com.pe\/?page_id=841","name":"Contacto - GFS","isPartOf":{"@id":"https:\/\/gfs.com.pe\/#website"},"primaryImageOfPage":{"@id":"https:\/\/gfs.com.pe\/?page_id=841#primaryimage"},"image":{"@id":"https:\/\/gfs.com.pe\/?page_id=841#primaryimage"},"thumbnailUrl":"http:\/\/el.commonsupport.com\/newwp\/envolve\/wp-content\/uploads\/2020\/05\/icon-46.png","datePublished":"2020-05-28T14:29:12+00:00","dateModified":"2021-05-12T17:03:08+00:00","breadcrumb":{"@id":"https:\/\/gfs.com.pe\/?page_id=841#breadcrumb"},"inLanguage":"es-PE","potentialAction":[{"@type":"ReadAction","target":["https:\/\/gfs.com.pe\/?page_id=841"]}]},{"@type":"ImageObject","inLanguage":"es-PE","@id":"https:\/\/gfs.com.pe\/?page_id=841#primaryimage","url":"http:\/\/el.commonsupport.com\/newwp\/envolve\/wp-content\/uploads\/2020\/05\/icon-46.png","contentUrl":"http:\/\/el.commonsupport.com\/newwp\/envolve\/wp-content\/uploads\/2020\/05\/icon-46.png"},{"@type":"BreadcrumbList","@id":"https:\/\/gfs.com.pe\/?page_id=841#breadcrumb","itemListElement":[{"@type":"ListItem","position":1,"name":"Portada","item":"https:\/\/gfs.com.pe\/"},{"@type":"ListItem","position":2,"name":"Contacto"}]},{"@type":"WebSite","@id":"https:\/\/gfs.com.pe\/#website","url":"https:\/\/gfs.com.pe\/","name":"GFS","description":"Global Food Safety","publisher":{"@id":"https:\/\/gfs.com.pe\/#organization"},"potentialAction":[{"@type":"SearchAction","target":{"@type":"EntryPoint","urlTemplate":"https:\/\/gfs.com.pe\/?s={search_term_string}"},"query-input":{"@type":"PropertyValueSpecification","valueRequired":true,"valueName":"search_term_string"}}],"inLanguage":"es-PE"},{"@type":"Organization","@id":"https:\/\/gfs.com.pe\/#organization","name":"GFS Global Food Safety","url":"https:\/\/gfs.com.pe\/","logo":{"@type":"ImageObject","inLanguage":"es-PE","@id":"https:\/\/gfs.com.pe\/#\/schema\/logo\/image\/","url":"https:\/\/gfs.com.pe\/wp-content\/uploads\/2021\/05\/logo-GFS-con-eslogan.png","contentUrl":"https:\/\/gfs.com.pe\/wp-content\/uploads\/2021\/05\/logo-GFS-con-eslogan.png","width":1200,"height":1200,"caption":"GFS Global Food Safety"},"image":{"@id":"https:\/\/gfs.com.pe\/#\/schema\/logo\/image\/"}}]}},"_links":{"self":[{"href":"https:\/\/gfs.com.pe\/index.php?rest_route=\/wp\/v2\/pages\/841","targetHints":{"allow":["GET"]}}],"collection":[{"href":"https:\/\/gfs.com.pe\/index.php?rest_route=\/wp\/v2\/pages"}],"about":[{"href":"https:\/\/gfs.com.pe\/index.php?rest_route=\/wp\/v2\/types\/page"}],"author":[{"embeddable":true,"href":"https:\/\/gfs.com.pe\/index.php?rest_route=\/wp\/v2\/users\/1"}],"replies":[{"embeddable":true,"href":"https:\/\/gfs.com.pe\/index.php?rest_route=%2Fwp%2Fv2%2Fcomments&post=841"}],"version-history":[{"count":87,"href":"https:\/\/gfs.com.pe\/index.php?rest_route=\/wp\/v2\/pages\/841\/revisions"}],"predecessor-version":[{"id":2587,"href":"https:\/\/gfs.com.pe\/index.php?rest_route=\/wp\/v2\/pages\/841\/revisions\/2587"}],"wp:attachment":[{"href":"https:\/\/gfs.com.pe\/index.php?rest_route=%2Fwp%2Fv2%2Fmedia&parent=841"}],"curies":[{"name":"wp","href":"https:\/\/api.w.org\/{rel}","templated":true}]}}