{"id":746,"date":"2020-05-27T11:50:59","date_gmt":"2020-05-27T16:50:59","guid":{"rendered":"http:\/\/el.commonsupport.com\/newwp\/envolve\/?page_id=746"},"modified":"2021-05-11T11:50:02","modified_gmt":"2021-05-11T16:50:02","slug":"nuestros-servicios","status":"publish","type":"page","link":"https:\/\/gfs.com.pe\/?page_id=746","title":{"rendered":"Nuestros servicios"},"content":{"rendered":"\t\t<div data-elementor-type=\"wp-page\" data-elementor-id=\"746\" class=\"elementor elementor-746\">\n\t\t\t\t\t\t<section class=\"elementor-section elementor-top-section elementor-element elementor-element-6cfd580 elementor-section-full_width elementor-section-height-default elementor-section-height-default\" data-id=\"6cfd580\" data-element_type=\"section\">\n\t\t\t\t\t\t<div class=\"elementor-container elementor-column-gap-default\">\n\t\t\t\t\t<div class=\"elementor-column elementor-col-100 elementor-top-column elementor-element elementor-element-c582b8e\" data-id=\"c582b8e\" data-element_type=\"column\">\n\t\t\t<div class=\"elementor-widget-wrap elementor-element-populated\">\n\t\t\t\t\t\t<div class=\"elementor-element elementor-element-83bee45 elementor-widget elementor-widget-envolve_our_services_v4\" data-id=\"83bee45\" data-element_type=\"widget\" data-widget_type=\"envolve_our_services_v4.default\">\n\t\t\t\t<div class=\"elementor-widget-container\">\n\t\t\t\t\t\t\t\r\n        <!-- Services Section Six -->\r\n        <section class=\"services-section-six\">\r\n            <div class=\"auto-container\">\r\n                <div class=\"sec-title text-center\">\r\n                    <h2>Nuestros servicios<\/h2>\r\n                    <div class=\"text-decoration\">\r\n                        <span class=\"left\"><\/span>\r\n                        <span class=\"right\"><\/span>\r\n                    <\/div>\r\n                <\/div>\r\n                <div class=\"row\">\r\n                                        <div class=\"col-xl-4 col-lg-6 col-md-6 col-sm-6 col-xs-12 service-block-six\">\r\n                        <div class=\"inner-box\">\r\n                            <div class=\"image-box\">\r\n                                <img fetchpriority=\"high\" decoding=\"async\" width=\"370\" height=\"270\" src=\"https:\/\/gfs.com.pe\/wp-content\/uploads\/2021\/05\/autorizaciones-sanitarias.png\" class=\"lazy-image owl-lazy wp-post-image\" alt=\"\" srcset=\"https:\/\/gfs.com.pe\/wp-content\/uploads\/2021\/05\/autorizaciones-sanitarias.png 370w, https:\/\/gfs.com.pe\/wp-content\/uploads\/2021\/05\/autorizaciones-sanitarias-300x219.png 300w\" sizes=\"(max-width: 370px) 100vw, 370px\" \/>                                <div class=\"icon-box\">\r\n                                    <div class=\"icon\"><span class=\"\"><\/span><\/div>\r\n                                    <h4>Autorizaciones Sanitarias<\/h4>              \r\n                                <\/div>\r\n                                <div class=\"overlay\"><a href=\"https:\/\/gfs.com.pe\/?envolve_service=autorizaciones-sanitarias\"><span class=\"flaticon-right\"><\/span><\/a><\/div>\r\n                            <\/div>\r\n                            <div class=\"content\">\r\n                                <div class=\"text\">Autorizaciones Sanitarias Autorizaciones Sanitarias Estas autorizaciones facultan a los fabricantes, ...<\/div>\r\n                            <\/div>\r\n                        <\/div>\r\n                    <\/div>\r\n                                        <div class=\"col-xl-4 col-lg-6 col-md-6 col-sm-6 col-xs-12 service-block-six\">\r\n                        <div class=\"inner-box\">\r\n                            <div class=\"image-box\">\r\n                                <img decoding=\"async\" width=\"370\" height=\"270\" src=\"https:\/\/gfs.com.pe\/wp-content\/uploads\/2021\/05\/capacitacion.png\" class=\"lazy-image owl-lazy wp-post-image\" alt=\"\" srcset=\"https:\/\/gfs.com.pe\/wp-content\/uploads\/2021\/05\/capacitacion.png 370w, https:\/\/gfs.com.pe\/wp-content\/uploads\/2021\/05\/capacitacion-300x219.png 300w\" sizes=\"(max-width: 370px) 100vw, 370px\" \/>                                <div class=\"icon-box\">\r\n                                    <div class=\"icon\"><span class=\"\"><\/span><\/div>\r\n                                    <h4>Capacitaci\u00f3n<\/h4>              \r\n                                <\/div>\r\n                                <div class=\"overlay\"><a href=\"https:\/\/gfs.com.pe\/?envolve_service=capacitacion\"><span class=\"flaticon-right\"><\/span><\/a><\/div>\r\n                            <\/div>\r\n                            <div class=\"content\">\r\n                                <div class=\"text\">Dise\u00f1o del contenido del curso en base a sus necesidades ...<\/div>\r\n                            <\/div>\r\n                        <\/div>\r\n                    <\/div>\r\n                                        <div class=\"col-xl-4 col-lg-6 col-md-6 col-sm-6 col-xs-12 service-block-six\">\r\n                        <div class=\"inner-box\">\r\n                            <div class=\"image-box\">\r\n                                <img decoding=\"async\" width=\"370\" height=\"270\" src=\"https:\/\/gfs.com.pe\/wp-content\/uploads\/2021\/05\/sistemas-de-gestion.png\" class=\"lazy-image owl-lazy wp-post-image\" alt=\"\" srcset=\"https:\/\/gfs.com.pe\/wp-content\/uploads\/2021\/05\/sistemas-de-gestion.png 370w, https:\/\/gfs.com.pe\/wp-content\/uploads\/2021\/05\/sistemas-de-gestion-300x219.png 300w\" sizes=\"(max-width: 370px) 100vw, 370px\" \/>                                <div class=\"icon-box\">\r\n                                    <div class=\"icon\"><span class=\"\"><\/span><\/div>\r\n                                    <h4>Sistema de Gestion<\/h4>              \r\n                                <\/div>\r\n                                <div class=\"overlay\"><a href=\"https:\/\/gfs.com.pe\/?envolve_service=sistema-de-gestion\"><span class=\"flaticon-right\"><\/span><\/a><\/div>\r\n                            <\/div>\r\n                            <div class=\"content\">\r\n                                <div class=\"text\">Sistema de Gestion Sistema de Gestion La globalizaci\u00f3n de la ...<\/div>\r\n                            <\/div>\r\n                        <\/div>\r\n                    <\/div>\r\n                                        <div class=\"col-xl-4 col-lg-6 col-md-6 col-sm-6 col-xs-12 service-block-six\">\r\n                        <div class=\"inner-box\">\r\n                            <div class=\"image-box\">\r\n                                <img loading=\"lazy\" decoding=\"async\" width=\"370\" height=\"270\" src=\"https:\/\/gfs.com.pe\/wp-content\/uploads\/2021\/05\/programas-sociales.png\" class=\"lazy-image owl-lazy wp-post-image\" alt=\"\" srcset=\"https:\/\/gfs.com.pe\/wp-content\/uploads\/2021\/05\/programas-sociales.png 370w, https:\/\/gfs.com.pe\/wp-content\/uploads\/2021\/05\/programas-sociales-300x219.png 300w\" sizes=\"(max-width: 370px) 100vw, 370px\" \/>                                <div class=\"icon-box\">\r\n                                    <div class=\"icon\"><span class=\"\"><\/span><\/div>\r\n                                    <h4>Programas Sociales<\/h4>              \r\n                                <\/div>\r\n                                <div class=\"overlay\"><a href=\"https:\/\/gfs.com.pe\/?envolve_service=programas-sociales\"><span class=\"flaticon-right\"><\/span><\/a><\/div>\r\n                            <\/div>\r\n                            <div class=\"content\">\r\n                                <div class=\"text\">Programas de alimentaci\u00f3n: Vaso de Leche, Desayunos y Almuerzos Escolares, ...<\/div>\r\n                            <\/div>\r\n                        <\/div>\r\n                    <\/div>\r\n                                        <div class=\"col-xl-4 col-lg-6 col-md-6 col-sm-6 col-xs-12 service-block-six\">\r\n                        <div class=\"inner-box\">\r\n                            <div class=\"image-box\">\r\n                                <img loading=\"lazy\" decoding=\"async\" width=\"370\" height=\"270\" src=\"https:\/\/gfs.com.pe\/wp-content\/uploads\/2021\/05\/SERVICO-DE-ALIMENTACION-COLECTIVA.png\" class=\"lazy-image owl-lazy wp-post-image\" alt=\"\" srcset=\"https:\/\/gfs.com.pe\/wp-content\/uploads\/2021\/05\/SERVICO-DE-ALIMENTACION-COLECTIVA.png 370w, https:\/\/gfs.com.pe\/wp-content\/uploads\/2021\/05\/SERVICO-DE-ALIMENTACION-COLECTIVA-300x219.png 300w\" sizes=\"(max-width: 370px) 100vw, 370px\" \/>                                <div class=\"icon-box\">\r\n                                    <div class=\"icon\"><span class=\"\"><\/span><\/div>\r\n                                    <h4>Servicios de Alimentaci\u00f3n Colectiva<\/h4>              \r\n                                <\/div>\r\n                                <div class=\"overlay\"><a href=\"https:\/\/gfs.com.pe\/?envolve_service=servicios-de-alimentacion-colectiva\"><span class=\"flaticon-right\"><\/span><\/a><\/div>\r\n                            <\/div>\r\n                            <div class=\"content\">\r\n                                <div class=\"text\">Servicios de Alimentaci\u00f3n Colectiva Servicios de Alimentaci\u00f3n Colectiva Cada vez ...<\/div>\r\n                            <\/div>\r\n                        <\/div>\r\n                    <\/div>\r\n                                        <div class=\"col-xl-4 col-lg-6 col-md-6 col-sm-6 col-xs-12 service-block-six\">\r\n                        <div class=\"inner-box\">\r\n                            <div class=\"image-box\">\r\n                                <img loading=\"lazy\" decoding=\"async\" width=\"370\" height=\"270\" src=\"https:\/\/gfs.com.pe\/wp-content\/uploads\/2021\/05\/otros-servicios-1.png\" class=\"lazy-image owl-lazy wp-post-image\" alt=\"\" srcset=\"https:\/\/gfs.com.pe\/wp-content\/uploads\/2021\/05\/otros-servicios-1.png 370w, https:\/\/gfs.com.pe\/wp-content\/uploads\/2021\/05\/otros-servicios-1-300x219.png 300w\" sizes=\"(max-width: 370px) 100vw, 370px\" \/>                                <div class=\"icon-box\">\r\n                                    <div class=\"icon\"><span class=\"\"><\/span><\/div>\r\n                                    <h4>Otros Servicios<\/h4>              \r\n                                <\/div>\r\n                                <div class=\"overlay\"><a href=\"https:\/\/gfs.com.pe\/?envolve_service=otros-servicios\"><span class=\"flaticon-right\"><\/span><\/a><\/div>\r\n                            <\/div>\r\n                            <div class=\"content\">\r\n                                <div class=\"text\">Otros Servicios Otros Servicios GFS te ofrece sus servicios de ...<\/div>\r\n                            <\/div>\r\n                        <\/div>\r\n                    <\/div>\r\n                                    <\/div>\r\n            <\/div>\r\n        <\/section>\r\n        \r\n        \t\t\t\t<\/div>\n\t\t\t\t<\/div>\n\t\t\t\t\t<\/div>\n\t\t<\/div>\n\t\t\t\t\t<\/div>\n\t\t<\/section>\n\t\t\t\t<\/div>\n\t\t","protected":false},"excerpt":{"rendered":"<p>Nuestros servicios Capacitaci\u00f3n Dise\u00f1o del contenido del curso en base a sus necesidades &#8230; Programas Sociales Programas de alimentaci\u00f3n: Vaso de Leche, Desayunos y Almuerzos Escolares, &#8230; Sistema de Gestion Sistema de Gestion Sistema de Gestion La globalizaci\u00f3n de la &#8230; Autorizaciones Sanitarias Autorizaciones Sanitarias Estas autorizaciones facultan a los fabricantes, importadores y &#8230; Servicios [&hellip;]<\/p>\n","protected":false},"author":1,"featured_media":0,"parent":0,"menu_order":0,"comment_status":"closed","ping_status":"closed","template":"tpl-default-elementor.php","meta":{"footnotes":""},"class_list":["post-746","page","type-page","status-publish","hentry"],"yoast_head":"<!-- This site is optimized with the Yoast SEO plugin v27.5 - https:\/\/yoast.com\/product\/yoast-seo-wordpress\/ -->\r\n<title>Nuestros servicios - GFS<\/title>\r\n<meta name=\"robots\" content=\"index, follow, max-snippet:-1, max-image-preview:large, max-video-preview:-1\" \/>\r\n<link rel=\"canonical\" href=\"https:\/\/gfs.com.pe\/?page_id=746\" \/>\r\n<meta property=\"og:locale\" content=\"es_ES\" \/>\r\n<meta property=\"og:type\" content=\"article\" \/>\r\n<meta property=\"og:title\" content=\"Nuestros servicios - GFS\" \/>\r\n<meta property=\"og:description\" content=\"Nuestros servicios Capacitaci\u00f3n Dise\u00f1o del contenido del curso en base a sus necesidades &#8230; Programas Sociales Programas de alimentaci\u00f3n: Vaso de Leche, Desayunos y Almuerzos Escolares, &#8230; Sistema de Gestion Sistema de Gestion Sistema de Gestion La globalizaci\u00f3n de la &#8230; Autorizaciones Sanitarias Autorizaciones Sanitarias Estas autorizaciones facultan a los fabricantes, importadores y &#8230; Servicios [&hellip;]\" \/>\r\n<meta property=\"og:url\" content=\"https:\/\/gfs.com.pe\/?page_id=746\" \/>\r\n<meta property=\"og:site_name\" content=\"GFS\" \/>\r\n<meta property=\"article:modified_time\" content=\"2021-05-11T16:50:02+00:00\" \/>\r\n<meta property=\"og:image\" content=\"https:\/\/gfs.com.pe\/wp-content\/uploads\/2021\/05\/capacitacion.png\" \/>\r\n<meta name=\"twitter:card\" content=\"summary_large_image\" \/>\r\n<script type=\"application\/ld+json\" class=\"yoast-schema-graph\">{\"@context\":\"https:\\\/\\\/schema.org\",\"@graph\":[{\"@type\":\"WebPage\",\"@id\":\"https:\\\/\\\/gfs.com.pe\\\/?page_id=746\",\"url\":\"https:\\\/\\\/gfs.com.pe\\\/?page_id=746\",\"name\":\"Nuestros servicios - GFS\",\"isPartOf\":{\"@id\":\"https:\\\/\\\/gfs.com.pe\\\/#website\"},\"primaryImageOfPage\":{\"@id\":\"https:\\\/\\\/gfs.com.pe\\\/?page_id=746#primaryimage\"},\"image\":{\"@id\":\"https:\\\/\\\/gfs.com.pe\\\/?page_id=746#primaryimage\"},\"thumbnailUrl\":\"https:\\\/\\\/gfs.com.pe\\\/wp-content\\\/uploads\\\/2021\\\/05\\\/capacitacion.png\",\"datePublished\":\"2020-05-27T16:50:59+00:00\",\"dateModified\":\"2021-05-11T16:50:02+00:00\",\"breadcrumb\":{\"@id\":\"https:\\\/\\\/gfs.com.pe\\\/?page_id=746#breadcrumb\"},\"inLanguage\":\"es-PE\",\"potentialAction\":[{\"@type\":\"ReadAction\",\"target\":[\"https:\\\/\\\/gfs.com.pe\\\/?page_id=746\"]}]},{\"@type\":\"ImageObject\",\"inLanguage\":\"es-PE\",\"@id\":\"https:\\\/\\\/gfs.com.pe\\\/?page_id=746#primaryimage\",\"url\":\"https:\\\/\\\/gfs.com.pe\\\/wp-content\\\/uploads\\\/2021\\\/05\\\/capacitacion.png\",\"contentUrl\":\"https:\\\/\\\/gfs.com.pe\\\/wp-content\\\/uploads\\\/2021\\\/05\\\/capacitacion.png\",\"width\":370,\"height\":270},{\"@type\":\"BreadcrumbList\",\"@id\":\"https:\\\/\\\/gfs.com.pe\\\/?page_id=746#breadcrumb\",\"itemListElement\":[{\"@type\":\"ListItem\",\"position\":1,\"name\":\"Portada\",\"item\":\"https:\\\/\\\/gfs.com.pe\\\/\"},{\"@type\":\"ListItem\",\"position\":2,\"name\":\"Nuestros servicios\"}]},{\"@type\":\"WebSite\",\"@id\":\"https:\\\/\\\/gfs.com.pe\\\/#website\",\"url\":\"https:\\\/\\\/gfs.com.pe\\\/\",\"name\":\"GFS\",\"description\":\"Global Food Safety\",\"publisher\":{\"@id\":\"https:\\\/\\\/gfs.com.pe\\\/#organization\"},\"potentialAction\":[{\"@type\":\"SearchAction\",\"target\":{\"@type\":\"EntryPoint\",\"urlTemplate\":\"https:\\\/\\\/gfs.com.pe\\\/?s={search_term_string}\"},\"query-input\":{\"@type\":\"PropertyValueSpecification\",\"valueRequired\":true,\"valueName\":\"search_term_string\"}}],\"inLanguage\":\"es-PE\"},{\"@type\":\"Organization\",\"@id\":\"https:\\\/\\\/gfs.com.pe\\\/#organization\",\"name\":\"GFS Global Food Safety\",\"url\":\"https:\\\/\\\/gfs.com.pe\\\/\",\"logo\":{\"@type\":\"ImageObject\",\"inLanguage\":\"es-PE\",\"@id\":\"https:\\\/\\\/gfs.com.pe\\\/#\\\/schema\\\/logo\\\/image\\\/\",\"url\":\"https:\\\/\\\/gfs.com.pe\\\/wp-content\\\/uploads\\\/2021\\\/05\\\/logo-GFS-con-eslogan.png\",\"contentUrl\":\"https:\\\/\\\/gfs.com.pe\\\/wp-content\\\/uploads\\\/2021\\\/05\\\/logo-GFS-con-eslogan.png\",\"width\":1200,\"height\":1200,\"caption\":\"GFS Global Food Safety\"},\"image\":{\"@id\":\"https:\\\/\\\/gfs.com.pe\\\/#\\\/schema\\\/logo\\\/image\\\/\"}}]}<\/script>\r\n<!-- \/ Yoast SEO plugin. -->","yoast_head_json":{"title":"Nuestros servicios - GFS","robots":{"index":"index","follow":"follow","max-snippet":"max-snippet:-1","max-image-preview":"max-image-preview:large","max-video-preview":"max-video-preview:-1"},"canonical":"https:\/\/gfs.com.pe\/?page_id=746","og_locale":"es_ES","og_type":"article","og_title":"Nuestros servicios - GFS","og_description":"Nuestros servicios Capacitaci\u00f3n Dise\u00f1o del contenido del curso en base a sus necesidades &#8230; Programas Sociales Programas de alimentaci\u00f3n: Vaso de Leche, Desayunos y Almuerzos Escolares, &#8230; Sistema de Gestion Sistema de Gestion Sistema de Gestion La globalizaci\u00f3n de la &#8230; Autorizaciones Sanitarias Autorizaciones Sanitarias Estas autorizaciones facultan a los fabricantes, importadores y &#8230; Servicios [&hellip;]","og_url":"https:\/\/gfs.com.pe\/?page_id=746","og_site_name":"GFS","article_modified_time":"2021-05-11T16:50:02+00:00","og_image":[{"url":"https:\/\/gfs.com.pe\/wp-content\/uploads\/2021\/05\/capacitacion.png","type":"","width":"","height":""}],"twitter_card":"summary_large_image","schema":{"@context":"https:\/\/schema.org","@graph":[{"@type":"WebPage","@id":"https:\/\/gfs.com.pe\/?page_id=746","url":"https:\/\/gfs.com.pe\/?page_id=746","name":"Nuestros servicios - GFS","isPartOf":{"@id":"https:\/\/gfs.com.pe\/#website"},"primaryImageOfPage":{"@id":"https:\/\/gfs.com.pe\/?page_id=746#primaryimage"},"image":{"@id":"https:\/\/gfs.com.pe\/?page_id=746#primaryimage"},"thumbnailUrl":"https:\/\/gfs.com.pe\/wp-content\/uploads\/2021\/05\/capacitacion.png","datePublished":"2020-05-27T16:50:59+00:00","dateModified":"2021-05-11T16:50:02+00:00","breadcrumb":{"@id":"https:\/\/gfs.com.pe\/?page_id=746#breadcrumb"},"inLanguage":"es-PE","potentialAction":[{"@type":"ReadAction","target":["https:\/\/gfs.com.pe\/?page_id=746"]}]},{"@type":"ImageObject","inLanguage":"es-PE","@id":"https:\/\/gfs.com.pe\/?page_id=746#primaryimage","url":"https:\/\/gfs.com.pe\/wp-content\/uploads\/2021\/05\/capacitacion.png","contentUrl":"https:\/\/gfs.com.pe\/wp-content\/uploads\/2021\/05\/capacitacion.png","width":370,"height":270},{"@type":"BreadcrumbList","@id":"https:\/\/gfs.com.pe\/?page_id=746#breadcrumb","itemListElement":[{"@type":"ListItem","position":1,"name":"Portada","item":"https:\/\/gfs.com.pe\/"},{"@type":"ListItem","position":2,"name":"Nuestros servicios"}]},{"@type":"WebSite","@id":"https:\/\/gfs.com.pe\/#website","url":"https:\/\/gfs.com.pe\/","name":"GFS","description":"Global Food Safety","publisher":{"@id":"https:\/\/gfs.com.pe\/#organization"},"potentialAction":[{"@type":"SearchAction","target":{"@type":"EntryPoint","urlTemplate":"https:\/\/gfs.com.pe\/?s={search_term_string}"},"query-input":{"@type":"PropertyValueSpecification","valueRequired":true,"valueName":"search_term_string"}}],"inLanguage":"es-PE"},{"@type":"Organization","@id":"https:\/\/gfs.com.pe\/#organization","name":"GFS Global Food Safety","url":"https:\/\/gfs.com.pe\/","logo":{"@type":"ImageObject","inLanguage":"es-PE","@id":"https:\/\/gfs.com.pe\/#\/schema\/logo\/image\/","url":"https:\/\/gfs.com.pe\/wp-content\/uploads\/2021\/05\/logo-GFS-con-eslogan.png","contentUrl":"https:\/\/gfs.com.pe\/wp-content\/uploads\/2021\/05\/logo-GFS-con-eslogan.png","width":1200,"height":1200,"caption":"GFS Global Food Safety"},"image":{"@id":"https:\/\/gfs.com.pe\/#\/schema\/logo\/image\/"}}]}},"_links":{"self":[{"href":"https:\/\/gfs.com.pe\/index.php?rest_route=\/wp\/v2\/pages\/746","targetHints":{"allow":["GET"]}}],"collection":[{"href":"https:\/\/gfs.com.pe\/index.php?rest_route=\/wp\/v2\/pages"}],"about":[{"href":"https:\/\/gfs.com.pe\/index.php?rest_route=\/wp\/v2\/types\/page"}],"author":[{"embeddable":true,"href":"https:\/\/gfs.com.pe\/index.php?rest_route=\/wp\/v2\/users\/1"}],"replies":[{"embeddable":true,"href":"https:\/\/gfs.com.pe\/index.php?rest_route=%2Fwp%2Fv2%2Fcomments&post=746"}],"version-history":[{"count":40,"href":"https:\/\/gfs.com.pe\/index.php?rest_route=\/wp\/v2\/pages\/746\/revisions"}],"predecessor-version":[{"id":2741,"href":"https:\/\/gfs.com.pe\/index.php?rest_route=\/wp\/v2\/pages\/746\/revisions\/2741"}],"wp:attachment":[{"href":"https:\/\/gfs.com.pe\/index.php?rest_route=%2Fwp%2Fv2%2Fmedia&parent=746"}],"curies":[{"name":"wp","href":"https:\/\/api.w.org\/{rel}","templated":true}]}}