{"id":1115,"date":"2020-05-31T06:36:55","date_gmt":"2020-05-31T11:36:55","guid":{"rendered":"http:\/\/el.commonsupport.com\/newwp\/envolve\/?page_id=1115"},"modified":"2021-05-11T12:17:01","modified_gmt":"2021-05-11T17:17:01","slug":"noticias","status":"publish","type":"page","link":"https:\/\/gfs.com.pe\/?page_id=1115","title":{"rendered":"Noticias"},"content":{"rendered":"\t\t<div data-elementor-type=\"wp-page\" data-elementor-id=\"1115\" class=\"elementor elementor-1115\">\n\t\t\t\t\t\t<section class=\"elementor-section elementor-top-section elementor-element elementor-element-551448e elementor-section-full_width elementor-section-height-default elementor-section-height-default\" data-id=\"551448e\" data-element_type=\"section\">\n\t\t\t\t\t\t<div class=\"elementor-container elementor-column-gap-default\">\n\t\t\t\t\t<div class=\"elementor-column elementor-col-100 elementor-top-column elementor-element elementor-element-6512886\" data-id=\"6512886\" data-element_type=\"column\">\n\t\t\t<div class=\"elementor-widget-wrap elementor-element-populated\">\n\t\t\t\t\t\t<div class=\"elementor-element elementor-element-13ff544 elementor-widget elementor-widget-envolve_blog_default_v1\" data-id=\"13ff544\" data-element_type=\"widget\" data-widget_type=\"envolve_blog_default_v1.default\">\n\t\t\t\t<div class=\"elementor-widget-container\">\n\t\t\t\t\t\t\t\r\n        <!-- sidebar-page-container -->\r\n        <section class=\"sidebar-page-container\">\r\n            <div class=\"auto-container\">\r\n                <div class=\"row\">\r\n                                        <div class=\"col-lg-4 col-md-6 news-block-two\">\r\n                        <div class=\"inner-box\">\r\n                            <div class=\"image\">\r\n                                <a href=\"https:\/\/gfs.com.pe\/?p=2591\"><img fetchpriority=\"high\" decoding=\"async\" width=\"370\" height=\"240\" src=\"https:\/\/gfs.com.pe\/wp-content\/uploads\/2021\/05\/A-PUERTAS-DE-INICIAR-EL-SEGUNDO-TRAMO-370x240.png\" class=\"lazy-image owl-lazy wp-post-image\" alt=\"\" \/><\/a>\r\n                            <\/div>\r\n                            <div class=\"lower-content\">\r\n                                <div class=\"category\"><a href=\"https:\/\/gfs.com.pe\/?cat=19\" rel=\"category\">Our Blog<\/a><\/div>\r\n                                <ul class=\"post-meta\">\r\n                                    <li><a href=\"https:\/\/gfs.com.pe\/?m=202105\">13 mayo, 2021<\/a><\/li>\r\n                                    <li>\/<\/li>\r\n                                    <li>By admin_gfs <\/li>\r\n                                <\/ul>\r\n                                <h4><a href=\"https:\/\/gfs.com.pe\/?p=2591\">A PUERTAS DE INICIAR EL SEGUNDO TRAMO DE IMPLEMENTACION DE LA LEY DE ALIMENTACION SALUDABLE \u2013 LEY 30021<\/a><\/h4>\r\n                                <a href=\"https:\/\/gfs.com.pe\/?p=2591\" class=\"read-more-link\"><i class=\"flaticon-right-arrow\"><\/i>Read More<\/a>\r\n                            <\/div>\r\n                        <\/div>\r\n                    <\/div>\r\n                                        <div class=\"col-lg-4 col-md-6 news-block-two\">\r\n                        <div class=\"inner-box\">\r\n                            <div class=\"image\">\r\n                                <a href=\"https:\/\/gfs.com.pe\/?p=2604\"><img decoding=\"async\" width=\"370\" height=\"240\" src=\"https:\/\/gfs.com.pe\/wp-content\/uploads\/2021\/05\/Reglamento-que-establece-el-proceso-1-370x240.png\" class=\"lazy-image owl-lazy wp-post-image\" alt=\"\" \/><\/a>\r\n                            <\/div>\r\n                            <div class=\"lower-content\">\r\n                                <div class=\"category\"><a href=\"https:\/\/gfs.com.pe\/?cat=19\" rel=\"category\">Our Blog<\/a><\/div>\r\n                                <ul class=\"post-meta\">\r\n                                    <li><a href=\"https:\/\/gfs.com.pe\/?m=202105\">13 mayo, 2021<\/a><\/li>\r\n                                    <li>\/<\/li>\r\n                                    <li>By admin_gfs <\/li>\r\n                                <\/ul>\r\n                                <h4><a href=\"https:\/\/gfs.com.pe\/?p=2604\">Lleg\u00f3 la \u00faltima etapa del DS 033-2016\/SA \u2013 Reglamento que establece el proceso de reducci\u00f3n gradual hasta la eliminaci\u00f3n de las grasas trans en los alimentos y bebidas no alcoh\u00f3licas procesados industrialmente<\/a><\/h4>\r\n                                <a href=\"https:\/\/gfs.com.pe\/?p=2604\" class=\"read-more-link\"><i class=\"flaticon-right-arrow\"><\/i>Read More<\/a>\r\n                            <\/div>\r\n                        <\/div>\r\n                    <\/div>\r\n                                        <div class=\"col-lg-4 col-md-6 news-block-two\">\r\n                        <div class=\"inner-box\">\r\n                            <div class=\"image\">\r\n                                <a href=\"https:\/\/gfs.com.pe\/?p=2612\"><img decoding=\"async\" width=\"370\" height=\"240\" src=\"https:\/\/gfs.com.pe\/wp-content\/uploads\/2021\/05\/Y-SE-VENCE-EL-PLAZO-PARA-COLOCAR-STICKER-1-370x240.png\" class=\"lazy-image owl-lazy wp-post-image\" alt=\"\" \/><\/a>\r\n                            <\/div>\r\n                            <div class=\"lower-content\">\r\n                                <div class=\"category\"><a href=\"https:\/\/gfs.com.pe\/?cat=19\" rel=\"category\">Our Blog<\/a><\/div>\r\n                                <ul class=\"post-meta\">\r\n                                    <li><a href=\"https:\/\/gfs.com.pe\/?m=202105\">13 mayo, 2021<\/a><\/li>\r\n                                    <li>\/<\/li>\r\n                                    <li>By admin_gfs <\/li>\r\n                                <\/ul>\r\n                                <h4><a href=\"https:\/\/gfs.com.pe\/?p=2612\">Y SE VENCE EL PLAZO PARA COLOCAR STICKER CON LAS ADVERTENCIAS PUBLICITARIAS DEL PRIMER TRAMO<\/a><\/h4>\r\n                                <a href=\"https:\/\/gfs.com.pe\/?p=2612\" class=\"read-more-link\"><i class=\"flaticon-right-arrow\"><\/i>Read More<\/a>\r\n                            <\/div>\r\n                        <\/div>\r\n                    <\/div>\r\n                                        <div class=\"col-lg-4 col-md-6 news-block-two\">\r\n                        <div class=\"inner-box\">\r\n                            <div class=\"image\">\r\n                                <a href=\"https:\/\/gfs.com.pe\/?p=2654\"><img loading=\"lazy\" decoding=\"async\" width=\"370\" height=\"240\" src=\"https:\/\/gfs.com.pe\/wp-content\/uploads\/2022\/06\/6S7C3GNQXBELNBAFX7SWKI7QAM-370x240.jpg\" class=\"lazy-image owl-lazy wp-post-image\" alt=\"\" srcset=\"https:\/\/gfs.com.pe\/wp-content\/uploads\/2022\/06\/6S7C3GNQXBELNBAFX7SWKI7QAM-370x240.jpg 370w, https:\/\/gfs.com.pe\/wp-content\/uploads\/2022\/06\/6S7C3GNQXBELNBAFX7SWKI7QAM-16x9.jpg 16w\" sizes=\"(max-width: 370px) 100vw, 370px\" \/><\/a>\r\n                            <\/div>\r\n                            <div class=\"lower-content\">\r\n                                <div class=\"category\"><a href=\"https:\/\/gfs.com.pe\/?cat=19\" rel=\"category\">Our Blog<\/a><\/div>\r\n                                <ul class=\"post-meta\">\r\n                                    <li><a href=\"https:\/\/gfs.com.pe\/?m=202206\">15 junio, 2022<\/a><\/li>\r\n                                    <li>\/<\/li>\r\n                                    <li>By admin_gfs <\/li>\r\n                                <\/ul>\r\n                                <h4><a href=\"https:\/\/gfs.com.pe\/?p=2654\">SENASA: Nueva informaci\u00f3n en el etiquetado de alimentos ser\u00e1 obligatoria en el 2023<\/a><\/h4>\r\n                                <a href=\"https:\/\/gfs.com.pe\/?p=2654\" class=\"read-more-link\"><i class=\"flaticon-right-arrow\"><\/i>Read More<\/a>\r\n                            <\/div>\r\n                        <\/div>\r\n                    <\/div>\r\n                                        <div class=\"col-lg-4 col-md-6 news-block-two\">\r\n                        <div class=\"inner-box\">\r\n                            <div class=\"image\">\r\n                                <a href=\"https:\/\/gfs.com.pe\/?p=2658\"><img loading=\"lazy\" decoding=\"async\" width=\"370\" height=\"240\" src=\"https:\/\/gfs.com.pe\/wp-content\/uploads\/2022\/06\/ganaderia-gfs-370x240.jpg\" class=\"lazy-image owl-lazy wp-post-image\" alt=\"\" \/><\/a>\r\n                            <\/div>\r\n                            <div class=\"lower-content\">\r\n                                <div class=\"category\"><a href=\"https:\/\/gfs.com.pe\/?cat=19\" rel=\"category\">Our Blog<\/a><\/div>\r\n                                <ul class=\"post-meta\">\r\n                                    <li><a href=\"https:\/\/gfs.com.pe\/?m=202206\">20 junio, 2022<\/a><\/li>\r\n                                    <li>\/<\/li>\r\n                                    <li>By admin_gfs <\/li>\r\n                                <\/ul>\r\n                                <h4><a href=\"https:\/\/gfs.com.pe\/?p=2658\">Ganader\u00eda lechera del Per\u00fa registra m\u00e1s de 8000 hatos libres de Brucelosis y Tuberculosis bovina<\/a><\/h4>\r\n                                <a href=\"https:\/\/gfs.com.pe\/?p=2658\" class=\"read-more-link\"><i class=\"flaticon-right-arrow\"><\/i>Read More<\/a>\r\n                            <\/div>\r\n                        <\/div>\r\n                    <\/div>\r\n                                        <div class=\"col-lg-4 col-md-6 news-block-two\">\r\n                        <div class=\"inner-box\">\r\n                            <div class=\"image\">\r\n                                <a href=\"https:\/\/gfs.com.pe\/?p=2661\"><img loading=\"lazy\" decoding=\"async\" width=\"370\" height=\"240\" src=\"https:\/\/gfs.com.pe\/wp-content\/uploads\/2022\/06\/SELLO-DE-ORGANICO-PERU-370x240.jpg\" class=\"lazy-image owl-lazy wp-post-image\" alt=\"\" \/><\/a>\r\n                            <\/div>\r\n                            <div class=\"lower-content\">\r\n                                <div class=\"category\"><a href=\"https:\/\/gfs.com.pe\/?cat=19\" rel=\"category\">Our Blog<\/a><\/div>\r\n                                <ul class=\"post-meta\">\r\n                                    <li><a href=\"https:\/\/gfs.com.pe\/?m=202206\">22 junio, 2022<\/a><\/li>\r\n                                    <li>\/<\/li>\r\n                                    <li>By admin_gfs <\/li>\r\n                                <\/ul>\r\n                                <h4><a href=\"https:\/\/gfs.com.pe\/?p=2661\">DECRETO SUPREMO QUE APRUEBA LA CREACI\u00d3N DEL SELLO NACIONAL DE LA PRODUCCI\u00d3N ORG\u00c1NICA<\/a><\/h4>\r\n                                <a href=\"https:\/\/gfs.com.pe\/?p=2661\" class=\"read-more-link\"><i class=\"flaticon-right-arrow\"><\/i>Read More<\/a>\r\n                            <\/div>\r\n                        <\/div>\r\n                    <\/div>\r\n                                        <div class=\"col-lg-4 col-md-6 news-block-two\">\r\n                        <div class=\"inner-box\">\r\n                            <div class=\"image\">\r\n                                <a href=\"https:\/\/gfs.com.pe\/?p=2666\"><img loading=\"lazy\" decoding=\"async\" width=\"370\" height=\"240\" src=\"https:\/\/gfs.com.pe\/wp-content\/uploads\/2022\/06\/000175920M-370x240.jpg\" class=\"lazy-image owl-lazy wp-post-image\" alt=\"\" \/><\/a>\r\n                            <\/div>\r\n                            <div class=\"lower-content\">\r\n                                <div class=\"category\"><a href=\"https:\/\/gfs.com.pe\/?cat=19\" rel=\"category\">Our Blog<\/a><\/div>\r\n                                <ul class=\"post-meta\">\r\n                                    <li><a href=\"https:\/\/gfs.com.pe\/?m=202206\">22 junio, 2022<\/a><\/li>\r\n                                    <li>\/<\/li>\r\n                                    <li>By admin_gfs <\/li>\r\n                                <\/ul>\r\n                                <h4><a href=\"https:\/\/gfs.com.pe\/?p=2666\">Decreto Supremo que aprueba el Reglamento para el Registro Sanitario de Productos Sanitarios: Art\u00edculos para Beb\u00e9s<\/a><\/h4>\r\n                                <a href=\"https:\/\/gfs.com.pe\/?p=2666\" class=\"read-more-link\"><i class=\"flaticon-right-arrow\"><\/i>Read More<\/a>\r\n                            <\/div>\r\n                        <\/div>\r\n                    <\/div>\r\n                                        <div class=\"col-lg-4 col-md-6 news-block-two\">\r\n                        <div class=\"inner-box\">\r\n                            <div class=\"image\">\r\n                                <a href=\"https:\/\/gfs.com.pe\/?p=2669\"><img loading=\"lazy\" decoding=\"async\" width=\"370\" height=\"240\" src=\"https:\/\/gfs.com.pe\/wp-content\/uploads\/2022\/07\/standard_GRANOS-ANDINOS-4.jpg-370x240.jpg\" class=\"lazy-image owl-lazy wp-post-image\" alt=\"\" srcset=\"https:\/\/gfs.com.pe\/wp-content\/uploads\/2022\/07\/standard_GRANOS-ANDINOS-4.jpg-370x240.jpg 370w, https:\/\/gfs.com.pe\/wp-content\/uploads\/2022\/07\/standard_GRANOS-ANDINOS-4.jpg-16x9.jpg 16w\" sizes=\"(max-width: 370px) 100vw, 370px\" \/><\/a>\r\n                            <\/div>\r\n                            <div class=\"lower-content\">\r\n                                <div class=\"category\"><a href=\"https:\/\/gfs.com.pe\/?cat=19\" rel=\"category\">Our Blog<\/a><\/div>\r\n                                <ul class=\"post-meta\">\r\n                                    <li><a href=\"https:\/\/gfs.com.pe\/?m=202207\">6 julio, 2022<\/a><\/li>\r\n                                    <li>\/<\/li>\r\n                                    <li>By admin_gfs <\/li>\r\n                                <\/ul>\r\n                                <h4><a href=\"https:\/\/gfs.com.pe\/?p=2669\">El Per\u00fa se mantiene como el primer productor y exportador mundial de quinua, superando a Bolivia<\/a><\/h4>\r\n                                <a href=\"https:\/\/gfs.com.pe\/?p=2669\" class=\"read-more-link\"><i class=\"flaticon-right-arrow\"><\/i>Read More<\/a>\r\n                            <\/div>\r\n                        <\/div>\r\n                    <\/div>\r\n                                        <div class=\"col-lg-4 col-md-6 news-block-two\">\r\n                        <div class=\"inner-box\">\r\n                            <div class=\"image\">\r\n                                <a href=\"https:\/\/gfs.com.pe\/?p=2674\"><img loading=\"lazy\" decoding=\"async\" width=\"370\" height=\"240\" src=\"https:\/\/gfs.com.pe\/wp-content\/uploads\/2022\/07\/Diseno-sin-titulo-1-370x240.jpg\" class=\"lazy-image owl-lazy wp-post-image\" alt=\"\" \/><\/a>\r\n                            <\/div>\r\n                            <div class=\"lower-content\">\r\n                                <div class=\"category\"><a href=\"https:\/\/gfs.com.pe\/?cat=19\" rel=\"category\">Our Blog<\/a><\/div>\r\n                                <ul class=\"post-meta\">\r\n                                    <li><a href=\"https:\/\/gfs.com.pe\/?m=202207\">20 julio, 2022<\/a><\/li>\r\n                                    <li>\/<\/li>\r\n                                    <li>By admin_gfs <\/li>\r\n                                <\/ul>\r\n                                <h4><a href=\"https:\/\/gfs.com.pe\/?p=2674\">Se public\u00f3 en El Peruano la RM 526-2022\/MINSA para recibir propuestas, con el objetivo de modificar par\u00e1metros t\u00e9cnicos para la aplicaci\u00f3n de advertencias publicitarias.<\/a><\/h4>\r\n                                <a href=\"https:\/\/gfs.com.pe\/?p=2674\" class=\"read-more-link\"><i class=\"flaticon-right-arrow\"><\/i>Read More<\/a>\r\n                            <\/div>\r\n                        <\/div>\r\n                    <\/div>\r\n                                    <\/div>\r\n                <div class=\"pagination-wrapper text-center mt-4\">\r\n                                    <\/div>\r\n            <\/div>\r\n        <\/section>\r\n        <!-- sidebar-page-container end -->\r\n        \r\n        \t\t\t\t<\/div>\n\t\t\t\t<\/div>\n\t\t\t\t\t<\/div>\n\t\t<\/div>\n\t\t\t\t\t<\/div>\n\t\t<\/section>\n\t\t\t\t<\/div>\n\t\t","protected":false},"excerpt":{"rendered":"<p>Our Blog 31 Agosto, 2020 \/ By admin_gfs Is Your Business Ready For Integration? Read More Our Blog 31 Agosto, 2020 \/ By admin_gfs How to Manage Business\u2019s Online Reputation Read More<\/p>\n","protected":false},"author":1,"featured_media":0,"parent":0,"menu_order":0,"comment_status":"closed","ping_status":"closed","template":"tpl-default-elementor.php","meta":{"footnotes":""},"class_list":["post-1115","page","type-page","status-publish","hentry"],"yoast_head":"<!-- This site is optimized with the Yoast SEO plugin v27.5 - https:\/\/yoast.com\/product\/yoast-seo-wordpress\/ -->\r\n<title>Noticias - GFS<\/title>\r\n<meta name=\"robots\" content=\"index, follow, max-snippet:-1, max-image-preview:large, max-video-preview:-1\" \/>\r\n<link rel=\"canonical\" href=\"https:\/\/gfs.com.pe\/?page_id=1115\" \/>\r\n<meta property=\"og:locale\" content=\"es_ES\" \/>\r\n<meta property=\"og:type\" content=\"article\" \/>\r\n<meta property=\"og:title\" content=\"Noticias - GFS\" \/>\r\n<meta property=\"og:description\" content=\"Our Blog 31 Agosto, 2020 \/ By admin_gfs Is Your Business Ready For Integration? Read More Our Blog 31 Agosto, 2020 \/ By admin_gfs How to Manage Business\u2019s Online Reputation Read More\" \/>\r\n<meta property=\"og:url\" content=\"https:\/\/gfs.com.pe\/?page_id=1115\" \/>\r\n<meta property=\"og:site_name\" content=\"GFS\" \/>\r\n<meta property=\"article:modified_time\" content=\"2021-05-11T17:17:01+00:00\" \/>\r\n<meta property=\"og:image\" content=\"https:\/\/gfs.com.pe\/wp-content\/uploads\/2020\/05\/news-28-370x240.jpg\" \/>\r\n<meta name=\"twitter:card\" content=\"summary_large_image\" \/>\r\n<script type=\"application\/ld+json\" class=\"yoast-schema-graph\">{\"@context\":\"https:\\\/\\\/schema.org\",\"@graph\":[{\"@type\":\"WebPage\",\"@id\":\"https:\\\/\\\/gfs.com.pe\\\/?page_id=1115\",\"url\":\"https:\\\/\\\/gfs.com.pe\\\/?page_id=1115\",\"name\":\"Noticias - GFS\",\"isPartOf\":{\"@id\":\"https:\\\/\\\/gfs.com.pe\\\/#website\"},\"primaryImageOfPage\":{\"@id\":\"https:\\\/\\\/gfs.com.pe\\\/?page_id=1115#primaryimage\"},\"image\":{\"@id\":\"https:\\\/\\\/gfs.com.pe\\\/?page_id=1115#primaryimage\"},\"thumbnailUrl\":\"https:\\\/\\\/gfs.com.pe\\\/wp-content\\\/uploads\\\/2020\\\/05\\\/news-28-370x240.jpg\",\"datePublished\":\"2020-05-31T11:36:55+00:00\",\"dateModified\":\"2021-05-11T17:17:01+00:00\",\"breadcrumb\":{\"@id\":\"https:\\\/\\\/gfs.com.pe\\\/?page_id=1115#breadcrumb\"},\"inLanguage\":\"es-PE\",\"potentialAction\":[{\"@type\":\"ReadAction\",\"target\":[\"https:\\\/\\\/gfs.com.pe\\\/?page_id=1115\"]}]},{\"@type\":\"ImageObject\",\"inLanguage\":\"es-PE\",\"@id\":\"https:\\\/\\\/gfs.com.pe\\\/?page_id=1115#primaryimage\",\"url\":\"https:\\\/\\\/gfs.com.pe\\\/wp-content\\\/uploads\\\/2020\\\/05\\\/news-28-370x240.jpg\",\"contentUrl\":\"https:\\\/\\\/gfs.com.pe\\\/wp-content\\\/uploads\\\/2020\\\/05\\\/news-28-370x240.jpg\"},{\"@type\":\"BreadcrumbList\",\"@id\":\"https:\\\/\\\/gfs.com.pe\\\/?page_id=1115#breadcrumb\",\"itemListElement\":[{\"@type\":\"ListItem\",\"position\":1,\"name\":\"Portada\",\"item\":\"https:\\\/\\\/gfs.com.pe\\\/\"},{\"@type\":\"ListItem\",\"position\":2,\"name\":\"Noticias\"}]},{\"@type\":\"WebSite\",\"@id\":\"https:\\\/\\\/gfs.com.pe\\\/#website\",\"url\":\"https:\\\/\\\/gfs.com.pe\\\/\",\"name\":\"GFS\",\"description\":\"Global Food Safety\",\"publisher\":{\"@id\":\"https:\\\/\\\/gfs.com.pe\\\/#organization\"},\"potentialAction\":[{\"@type\":\"SearchAction\",\"target\":{\"@type\":\"EntryPoint\",\"urlTemplate\":\"https:\\\/\\\/gfs.com.pe\\\/?s={search_term_string}\"},\"query-input\":{\"@type\":\"PropertyValueSpecification\",\"valueRequired\":true,\"valueName\":\"search_term_string\"}}],\"inLanguage\":\"es-PE\"},{\"@type\":\"Organization\",\"@id\":\"https:\\\/\\\/gfs.com.pe\\\/#organization\",\"name\":\"GFS Global Food Safety\",\"url\":\"https:\\\/\\\/gfs.com.pe\\\/\",\"logo\":{\"@type\":\"ImageObject\",\"inLanguage\":\"es-PE\",\"@id\":\"https:\\\/\\\/gfs.com.pe\\\/#\\\/schema\\\/logo\\\/image\\\/\",\"url\":\"https:\\\/\\\/gfs.com.pe\\\/wp-content\\\/uploads\\\/2021\\\/05\\\/logo-GFS-con-eslogan.png\",\"contentUrl\":\"https:\\\/\\\/gfs.com.pe\\\/wp-content\\\/uploads\\\/2021\\\/05\\\/logo-GFS-con-eslogan.png\",\"width\":1200,\"height\":1200,\"caption\":\"GFS Global Food Safety\"},\"image\":{\"@id\":\"https:\\\/\\\/gfs.com.pe\\\/#\\\/schema\\\/logo\\\/image\\\/\"}}]}<\/script>\r\n<!-- \/ Yoast SEO plugin. -->","yoast_head_json":{"title":"Noticias - GFS","robots":{"index":"index","follow":"follow","max-snippet":"max-snippet:-1","max-image-preview":"max-image-preview:large","max-video-preview":"max-video-preview:-1"},"canonical":"https:\/\/gfs.com.pe\/?page_id=1115","og_locale":"es_ES","og_type":"article","og_title":"Noticias - GFS","og_description":"Our Blog 31 Agosto, 2020 \/ By admin_gfs Is Your Business Ready For Integration? Read More Our Blog 31 Agosto, 2020 \/ By admin_gfs How to Manage Business\u2019s Online Reputation Read More","og_url":"https:\/\/gfs.com.pe\/?page_id=1115","og_site_name":"GFS","article_modified_time":"2021-05-11T17:17:01+00:00","og_image":[{"url":"https:\/\/gfs.com.pe\/wp-content\/uploads\/2020\/05\/news-28-370x240.jpg","type":"","width":"","height":""}],"twitter_card":"summary_large_image","schema":{"@context":"https:\/\/schema.org","@graph":[{"@type":"WebPage","@id":"https:\/\/gfs.com.pe\/?page_id=1115","url":"https:\/\/gfs.com.pe\/?page_id=1115","name":"Noticias - GFS","isPartOf":{"@id":"https:\/\/gfs.com.pe\/#website"},"primaryImageOfPage":{"@id":"https:\/\/gfs.com.pe\/?page_id=1115#primaryimage"},"image":{"@id":"https:\/\/gfs.com.pe\/?page_id=1115#primaryimage"},"thumbnailUrl":"https:\/\/gfs.com.pe\/wp-content\/uploads\/2020\/05\/news-28-370x240.jpg","datePublished":"2020-05-31T11:36:55+00:00","dateModified":"2021-05-11T17:17:01+00:00","breadcrumb":{"@id":"https:\/\/gfs.com.pe\/?page_id=1115#breadcrumb"},"inLanguage":"es-PE","potentialAction":[{"@type":"ReadAction","target":["https:\/\/gfs.com.pe\/?page_id=1115"]}]},{"@type":"ImageObject","inLanguage":"es-PE","@id":"https:\/\/gfs.com.pe\/?page_id=1115#primaryimage","url":"https:\/\/gfs.com.pe\/wp-content\/uploads\/2020\/05\/news-28-370x240.jpg","contentUrl":"https:\/\/gfs.com.pe\/wp-content\/uploads\/2020\/05\/news-28-370x240.jpg"},{"@type":"BreadcrumbList","@id":"https:\/\/gfs.com.pe\/?page_id=1115#breadcrumb","itemListElement":[{"@type":"ListItem","position":1,"name":"Portada","item":"https:\/\/gfs.com.pe\/"},{"@type":"ListItem","position":2,"name":"Noticias"}]},{"@type":"WebSite","@id":"https:\/\/gfs.com.pe\/#website","url":"https:\/\/gfs.com.pe\/","name":"GFS","description":"Global Food Safety","publisher":{"@id":"https:\/\/gfs.com.pe\/#organization"},"potentialAction":[{"@type":"SearchAction","target":{"@type":"EntryPoint","urlTemplate":"https:\/\/gfs.com.pe\/?s={search_term_string}"},"query-input":{"@type":"PropertyValueSpecification","valueRequired":true,"valueName":"search_term_string"}}],"inLanguage":"es-PE"},{"@type":"Organization","@id":"https:\/\/gfs.com.pe\/#organization","name":"GFS Global Food Safety","url":"https:\/\/gfs.com.pe\/","logo":{"@type":"ImageObject","inLanguage":"es-PE","@id":"https:\/\/gfs.com.pe\/#\/schema\/logo\/image\/","url":"https:\/\/gfs.com.pe\/wp-content\/uploads\/2021\/05\/logo-GFS-con-eslogan.png","contentUrl":"https:\/\/gfs.com.pe\/wp-content\/uploads\/2021\/05\/logo-GFS-con-eslogan.png","width":1200,"height":1200,"caption":"GFS Global Food Safety"},"image":{"@id":"https:\/\/gfs.com.pe\/#\/schema\/logo\/image\/"}}]}},"_links":{"self":[{"href":"https:\/\/gfs.com.pe\/index.php?rest_route=\/wp\/v2\/pages\/1115","targetHints":{"allow":["GET"]}}],"collection":[{"href":"https:\/\/gfs.com.pe\/index.php?rest_route=\/wp\/v2\/pages"}],"about":[{"href":"https:\/\/gfs.com.pe\/index.php?rest_route=\/wp\/v2\/types\/page"}],"author":[{"embeddable":true,"href":"https:\/\/gfs.com.pe\/index.php?rest_route=\/wp\/v2\/users\/1"}],"replies":[{"embeddable":true,"href":"https:\/\/gfs.com.pe\/index.php?rest_route=%2Fwp%2Fv2%2Fcomments&post=1115"}],"version-history":[{"count":13,"href":"https:\/\/gfs.com.pe\/index.php?rest_route=\/wp\/v2\/pages\/1115\/revisions"}],"predecessor-version":[{"id":2393,"href":"https:\/\/gfs.com.pe\/index.php?rest_route=\/wp\/v2\/pages\/1115\/revisions\/2393"}],"wp:attachment":[{"href":"https:\/\/gfs.com.pe\/index.php?rest_route=%2Fwp%2Fv2%2Fmedia&parent=1115"}],"curies":[{"name":"wp","href":"https:\/\/api.w.org\/{rel}","templated":true}]}}